{"id":215,"date":"2025-11-14T11:40:11","date_gmt":"2025-11-14T10:40:11","guid":{"rendered":"https:\/\/maria-luisa.ch\/?post_type=product&#038;p=215"},"modified":"2025-12-18T14:36:34","modified_gmt":"2025-12-18T13:36:34","slug":"cones-dencens-magnetises-renouveau-chance-equilibre-naturel","status":"publish","type":"product","link":"https:\/\/maria-luisa.ch\/pt\/produto\/cones-dencens-magnetises-renouveau-chance-equilibre-naturel\/","title":{"rendered":"Cones de incenso magnetizados \u2013 Renova\u00e7\u00e3o, Sorte e Equil\u00edbrio natural"},"content":{"rendered":"","protected":false},"excerpt":{"rendered":"<p>Ces c\u00f4nes d&rsquo;encens vous invitent \u00e0 vous reconnecter avec la nature, la chance et l\u2019\u00e9quilibre au c\u0153ur de votre maison.<\/p>","protected":false},"featured_media":221,"comment_status":"open","ping_status":"closed","template":"","meta":{"_acf_changed":false},"product_brand":[],"product_cat":[17],"product_tag":[],"class_list":{"0":"post-215","1":"product","2":"type-product","3":"status-publish","4":"has-post-thumbnail","6":"product_cat-non-classe","8":"first","9":"instock","10":"sale","11":"shipping-taxable","12":"purchasable","13":"product-type-variable","14":"has-default-attributes"},"acf":[],"yoast_head":"<!-- This site is optimized with the Yoast SEO plugin v26.8 - https:\/\/yoast.com\/product\/yoast-seo-wordpress\/ -->\n<title>C\u00f4nes d\u2019encens magn\u00e9tis\u00e9s \u2013 Renouveau, Chance &amp; \u00c9quilibre naturel - Maria Luisa<\/title>\n<meta name=\"robots\" content=\"index, follow, max-snippet:-1, max-image-preview:large, max-video-preview:-1\" \/>\n<link rel=\"canonical\" href=\"https:\/\/maria-luisa.ch\/pt\/produto\/cones-dencens-magnetises-renouveau-chance-equilibre-naturel\/\" \/>\n<meta property=\"og:locale\" content=\"pt_PT\" \/>\n<meta property=\"og:type\" content=\"article\" \/>\n<meta property=\"og:title\" content=\"C\u00f4nes d\u2019encens magn\u00e9tis\u00e9s \u2013 Renouveau, Chance &amp; \u00c9quilibre naturel - Maria Luisa\" \/>\n<meta property=\"og:description\" content=\"Ces c\u00f4nes d&#039;encens vous invitent \u00e0 vous reconnecter avec la nature, la chance et l\u2019\u00e9quilibre au c\u0153ur de votre maison.\" \/>\n<meta property=\"og:url\" content=\"https:\/\/maria-luisa.ch\/pt\/produto\/cones-dencens-magnetises-renouveau-chance-equilibre-naturel\/\" \/>\n<meta property=\"og:site_name\" content=\"Maria Luisa\" \/>\n<meta property=\"article:modified_time\" content=\"2025-12-18T13:36:34+00:00\" \/>\n<meta property=\"og:image\" content=\"https:\/\/maria-luisa.ch\/wp-content\/uploads\/2025\/11\/encens-vert-1.png\" \/>\n\t<meta property=\"og:image:width\" content=\"480\" \/>\n\t<meta property=\"og:image:height\" content=\"640\" \/>\n\t<meta property=\"og:image:type\" content=\"image\/png\" \/>\n<meta name=\"twitter:card\" content=\"summary_large_image\" \/>\n<script type=\"application\/ld+json\" class=\"yoast-schema-graph\">{\"@context\":\"https:\/\/schema.org\",\"@graph\":[{\"@type\":\"WebPage\",\"@id\":\"https:\/\/maria-luisa.ch\/produit\/cones-dencens-magnetises-renouveau-chance-equilibre-naturel\/\",\"url\":\"https:\/\/maria-luisa.ch\/produit\/cones-dencens-magnetises-renouveau-chance-equilibre-naturel\/\",\"name\":\"C\u00f4nes d\u2019encens magn\u00e9tis\u00e9s \u2013 Renouveau, Chance & \u00c9quilibre naturel - Maria Luisa\",\"isPartOf\":{\"@id\":\"https:\/\/maria-luisa.ch\/#website\"},\"primaryImageOfPage\":{\"@id\":\"https:\/\/maria-luisa.ch\/produit\/cones-dencens-magnetises-renouveau-chance-equilibre-naturel\/#primaryimage\"},\"image\":{\"@id\":\"https:\/\/maria-luisa.ch\/produit\/cones-dencens-magnetises-renouveau-chance-equilibre-naturel\/#primaryimage\"},\"thumbnailUrl\":\"https:\/\/maria-luisa.ch\/wp-content\/uploads\/2025\/11\/encens-vert-1.png\",\"datePublished\":\"2025-11-14T10:40:11+00:00\",\"dateModified\":\"2025-12-18T13:36:34+00:00\",\"breadcrumb\":{\"@id\":\"https:\/\/maria-luisa.ch\/produit\/cones-dencens-magnetises-renouveau-chance-equilibre-naturel\/#breadcrumb\"},\"inLanguage\":\"pt-PT\",\"potentialAction\":[{\"@type\":\"ReadAction\",\"target\":[\"https:\/\/maria-luisa.ch\/produit\/cones-dencens-magnetises-renouveau-chance-equilibre-naturel\/\"]}]},{\"@type\":\"ImageObject\",\"inLanguage\":\"pt-PT\",\"@id\":\"https:\/\/maria-luisa.ch\/produit\/cones-dencens-magnetises-renouveau-chance-equilibre-naturel\/#primaryimage\",\"url\":\"https:\/\/maria-luisa.ch\/wp-content\/uploads\/2025\/11\/encens-vert-1.png\",\"contentUrl\":\"https:\/\/maria-luisa.ch\/wp-content\/uploads\/2025\/11\/encens-vert-1.png\",\"width\":480,\"height\":640},{\"@type\":\"BreadcrumbList\",\"@id\":\"https:\/\/maria-luisa.ch\/produit\/cones-dencens-magnetises-renouveau-chance-equilibre-naturel\/#breadcrumb\",\"itemListElement\":[{\"@type\":\"ListItem\",\"position\":1,\"name\":\"Accueil\",\"item\":\"https:\/\/maria-luisa.ch\/\"},{\"@type\":\"ListItem\",\"position\":2,\"name\":\"Boutique\",\"item\":\"https:\/\/maria-luisa.ch\/boutique\/\"},{\"@type\":\"ListItem\",\"position\":3,\"name\":\"C\u00f4nes d\u2019encens magn\u00e9tis\u00e9s \u2013 Renouveau, Chance &#038; \u00c9quilibre naturel\"}]},{\"@type\":\"WebSite\",\"@id\":\"https:\/\/maria-luisa.ch\/#website\",\"url\":\"https:\/\/maria-luisa.ch\/\",\"name\":\"Maria Luisa\",\"description\":\"\",\"publisher\":{\"@id\":\"https:\/\/maria-luisa.ch\/#organization\"},\"potentialAction\":[{\"@type\":\"SearchAction\",\"target\":{\"@type\":\"EntryPoint\",\"urlTemplate\":\"https:\/\/maria-luisa.ch\/?s={search_term_string}\"},\"query-input\":{\"@type\":\"PropertyValueSpecification\",\"valueRequired\":true,\"valueName\":\"search_term_string\"}}],\"inLanguage\":\"pt-PT\"},{\"@type\":\"Organization\",\"@id\":\"https:\/\/maria-luisa.ch\/#organization\",\"name\":\"Maria Luisa\",\"url\":\"https:\/\/maria-luisa.ch\/\",\"logo\":{\"@type\":\"ImageObject\",\"inLanguage\":\"pt-PT\",\"@id\":\"https:\/\/maria-luisa.ch\/#\/schema\/logo\/image\/\",\"url\":\"https:\/\/maria-luisa.ch\/wp-content\/uploads\/2026\/01\/maria-header-mail.png\",\"contentUrl\":\"https:\/\/maria-luisa.ch\/wp-content\/uploads\/2026\/01\/maria-header-mail.png\",\"width\":128,\"height\":107,\"caption\":\"Maria Luisa\"},\"image\":{\"@id\":\"https:\/\/maria-luisa.ch\/#\/schema\/logo\/image\/\"}}]}<\/script>\n<!-- \/ Yoast SEO plugin. -->","yoast_head_json":{"title":"C\u00f4nes d\u2019encens magn\u00e9tis\u00e9s \u2013 Renouveau, Chance & \u00c9quilibre naturel - Maria Luisa","robots":{"index":"index","follow":"follow","max-snippet":"max-snippet:-1","max-image-preview":"max-image-preview:large","max-video-preview":"max-video-preview:-1"},"canonical":"https:\/\/maria-luisa.ch\/pt\/produto\/cones-dencens-magnetises-renouveau-chance-equilibre-naturel\/","og_locale":"pt_PT","og_type":"article","og_title":"C\u00f4nes d\u2019encens magn\u00e9tis\u00e9s \u2013 Renouveau, Chance & \u00c9quilibre naturel - Maria Luisa","og_description":"Ces c\u00f4nes d'encens vous invitent \u00e0 vous reconnecter avec la nature, la chance et l\u2019\u00e9quilibre au c\u0153ur de votre maison.","og_url":"https:\/\/maria-luisa.ch\/pt\/produto\/cones-dencens-magnetises-renouveau-chance-equilibre-naturel\/","og_site_name":"Maria Luisa","article_modified_time":"2025-12-18T13:36:34+00:00","og_image":[{"width":480,"height":640,"url":"https:\/\/maria-luisa.ch\/wp-content\/uploads\/2025\/11\/encens-vert-1.png","type":"image\/png"}],"twitter_card":"summary_large_image","schema":{"@context":"https:\/\/schema.org","@graph":[{"@type":"WebPage","@id":"https:\/\/maria-luisa.ch\/produit\/cones-dencens-magnetises-renouveau-chance-equilibre-naturel\/","url":"https:\/\/maria-luisa.ch\/produit\/cones-dencens-magnetises-renouveau-chance-equilibre-naturel\/","name":"C\u00f4nes d\u2019encens magn\u00e9tis\u00e9s \u2013 Renouveau, Chance & \u00c9quilibre naturel - Maria Luisa","isPartOf":{"@id":"https:\/\/maria-luisa.ch\/#website"},"primaryImageOfPage":{"@id":"https:\/\/maria-luisa.ch\/produit\/cones-dencens-magnetises-renouveau-chance-equilibre-naturel\/#primaryimage"},"image":{"@id":"https:\/\/maria-luisa.ch\/produit\/cones-dencens-magnetises-renouveau-chance-equilibre-naturel\/#primaryimage"},"thumbnailUrl":"https:\/\/maria-luisa.ch\/wp-content\/uploads\/2025\/11\/encens-vert-1.png","datePublished":"2025-11-14T10:40:11+00:00","dateModified":"2025-12-18T13:36:34+00:00","breadcrumb":{"@id":"https:\/\/maria-luisa.ch\/produit\/cones-dencens-magnetises-renouveau-chance-equilibre-naturel\/#breadcrumb"},"inLanguage":"pt-PT","potentialAction":[{"@type":"ReadAction","target":["https:\/\/maria-luisa.ch\/produit\/cones-dencens-magnetises-renouveau-chance-equilibre-naturel\/"]}]},{"@type":"ImageObject","inLanguage":"pt-PT","@id":"https:\/\/maria-luisa.ch\/produit\/cones-dencens-magnetises-renouveau-chance-equilibre-naturel\/#primaryimage","url":"https:\/\/maria-luisa.ch\/wp-content\/uploads\/2025\/11\/encens-vert-1.png","contentUrl":"https:\/\/maria-luisa.ch\/wp-content\/uploads\/2025\/11\/encens-vert-1.png","width":480,"height":640},{"@type":"BreadcrumbList","@id":"https:\/\/maria-luisa.ch\/produit\/cones-dencens-magnetises-renouveau-chance-equilibre-naturel\/#breadcrumb","itemListElement":[{"@type":"ListItem","position":1,"name":"Accueil","item":"https:\/\/maria-luisa.ch\/"},{"@type":"ListItem","position":2,"name":"Boutique","item":"https:\/\/maria-luisa.ch\/boutique\/"},{"@type":"ListItem","position":3,"name":"C\u00f4nes d\u2019encens magn\u00e9tis\u00e9s \u2013 Renouveau, Chance &#038; \u00c9quilibre naturel"}]},{"@type":"WebSite","@id":"https:\/\/maria-luisa.ch\/#website","url":"https:\/\/maria-luisa.ch\/","name":"Maria Lu\u00edsa","description":"","publisher":{"@id":"https:\/\/maria-luisa.ch\/#organization"},"potentialAction":[{"@type":"SearchAction","target":{"@type":"EntryPoint","urlTemplate":"https:\/\/maria-luisa.ch\/?s={search_term_string}"},"query-input":{"@type":"PropertyValueSpecification","valueRequired":true,"valueName":"search_term_string"}}],"inLanguage":"pt-PT"},{"@type":"Organization","@id":"https:\/\/maria-luisa.ch\/#organization","name":"Maria Lu\u00edsa","url":"https:\/\/maria-luisa.ch\/","logo":{"@type":"ImageObject","inLanguage":"pt-PT","@id":"https:\/\/maria-luisa.ch\/#\/schema\/logo\/image\/","url":"https:\/\/maria-luisa.ch\/wp-content\/uploads\/2026\/01\/maria-header-mail.png","contentUrl":"https:\/\/maria-luisa.ch\/wp-content\/uploads\/2026\/01\/maria-header-mail.png","width":128,"height":107,"caption":"Maria Luisa"},"image":{"@id":"https:\/\/maria-luisa.ch\/#\/schema\/logo\/image\/"}}]}},"_links":{"self":[{"href":"https:\/\/maria-luisa.ch\/pt\/wp-json\/wp\/v2\/product\/215","targetHints":{"allow":["GET"]}}],"collection":[{"href":"https:\/\/maria-luisa.ch\/pt\/wp-json\/wp\/v2\/product"}],"about":[{"href":"https:\/\/maria-luisa.ch\/pt\/wp-json\/wp\/v2\/types\/product"}],"replies":[{"embeddable":true,"href":"https:\/\/maria-luisa.ch\/pt\/wp-json\/wp\/v2\/comments?post=215"}],"wp:featuredmedia":[{"embeddable":true,"href":"https:\/\/maria-luisa.ch\/pt\/wp-json\/wp\/v2\/media\/221"}],"wp:attachment":[{"href":"https:\/\/maria-luisa.ch\/pt\/wp-json\/wp\/v2\/media?parent=215"}],"wp:term":[{"taxonomy":"product_brand","embeddable":true,"href":"https:\/\/maria-luisa.ch\/pt\/wp-json\/wp\/v2\/product_brand?post=215"},{"taxonomy":"product_cat","embeddable":true,"href":"https:\/\/maria-luisa.ch\/pt\/wp-json\/wp\/v2\/product_cat?post=215"},{"taxonomy":"product_tag","embeddable":true,"href":"https:\/\/maria-luisa.ch\/pt\/wp-json\/wp\/v2\/product_tag?post=215"}],"curies":[{"name":"wp","href":"https:\/\/api.w.org\/{rel}","templated":true}]}}