{"id":319,"date":"2026-01-27T09:24:15","date_gmt":"2026-01-27T08:24:15","guid":{"rendered":"https:\/\/maria-luisa.ch\/?page_id=319"},"modified":"2026-01-27T09:29:15","modified_gmt":"2026-01-27T08:29:15","slug":"mentions-legales","status":"publish","type":"page","link":"https:\/\/maria-luisa.ch\/pt\/mentions-legales\/","title":{"rendered":"Informa\u00e7\u00e3o jur\u00eddica"},"content":{"rendered":"<p><strong>Editor do site o presente site \u00e9 editado por:<br><\/strong>Maria Luisa Voyance S\u00e0rl\u2028<br>Nome da empresa: Maria Luisa Voyance S\u00e0rl<br>Forme juridique : Soci\u00e9t\u00e9 \u00e0 responsabilit\u00e9 limit\u00e9e (S\u00e0rl)\u2028<br>Sede social: Chemin de l\u2019Industrie 29B, 1926 Fully, Su\u00ed\u00e7a<br>Registo Comercial: Cant\u00e3o de Valais N\u00famero IDE\/IVA: CHE-163.569.743<\/p>\n\n\n\n<p><strong>Responsavel da publica\u00e7ao<\/strong> : \u2028Madame Maria Luisa, G\u00e9rante<\/p>\n\n\n\n<p><strong>Alojamento do site: O site \u00e9 alojado por:<\/strong>\u2028<br>Infomaniak &#8211; Rue Eug\u00e8ne-Marziano 25, 1227 Gen\u00e8ve, Suisse<br>+41 22 820 35 40<br>www.infomaniak.com<\/p>\n\n\n\n<p>O conjunto dos conte\u00fados presentes no site maria-luisa.ch (textos, imagens, log\u00f3tipos, v\u00eddeos, grafismos, estrutura) \u00e9 propriedade exclusiva da Maria Luisa Voyance S\u00e0rl, salvo indica\u00e7\u00e3o em contr\u00e1rio.\nQualquer reprodu\u00e7\u00e3o, representa\u00e7\u00e3o ou explora\u00e7\u00e3o, total ou parcial, sem autoriza\u00e7\u00e3o pr\u00e9via por escrito \u00e9 estritamente proibida.<br><\/p>\n\n\n\n<p>Responsabilidade\nAs informa\u00e7\u00f5es e os servi\u00e7os propostos no site enquadram-se em pr\u00e1ticas de bem-estar, orienta\u00e7\u00e3o e desenvolvimento pessoal.\nEm caso algum constituem um parecer m\u00e9dico, jur\u00eddico ou financeiro, nem substituem a consulta de um profissional qualificado.<\/p>","protected":false},"excerpt":{"rendered":"<p>\u00c9diteur du site\u2028Le pr\u00e9sent site est \u00e9dit\u00e9 par :Maria Luisa Voyance S\u00e0rl\u2028Raison sociale : Maria Luisa Voyance S\u00e0rl\u2028Forme juridique : Soci\u00e9t\u00e9 \u00e0 responsabilit\u00e9 limit\u00e9e (S\u00e0rl)\u2028Si\u00e8ge social : Chemin de l\u2019Industrie 29B\u20281926 Fully\u2028SuisseRegistre du commerce : Canton du Valais\u2028Num\u00e9ro IDE \/ TVA : CHE-163.569.743 Responsable de la publication : \u2028Madame Maria Luisa, G\u00e9rante H\u00e9bergement du site\u2028Le [&hellip;]<\/p>","protected":false},"author":2,"featured_media":0,"parent":0,"menu_order":0,"comment_status":"closed","ping_status":"closed","template":"","meta":{"_acf_changed":false,"footnotes":""},"class_list":["post-319","page","type-page","status-publish","hentry"],"acf":[],"yoast_head":"<!-- This site is optimized with the Yoast SEO plugin v26.8 - https:\/\/yoast.com\/product\/yoast-seo-wordpress\/ -->\n<title>Mentions l\u00e9gales - Maria Luisa<\/title>\n<meta name=\"robots\" content=\"index, follow, max-snippet:-1, max-image-preview:large, max-video-preview:-1\" \/>\n<link rel=\"canonical\" href=\"https:\/\/maria-luisa.ch\/pt\/mentions-legales\/\" \/>\n<meta property=\"og:locale\" content=\"pt_PT\" \/>\n<meta property=\"og:type\" content=\"article\" \/>\n<meta property=\"og:title\" content=\"Mentions l\u00e9gales - Maria Luisa\" \/>\n<meta property=\"og:description\" content=\"\u00c9diteur du site\u2028Le pr\u00e9sent site est \u00e9dit\u00e9 par :Maria Luisa Voyance S\u00e0rl\u2028Raison sociale : Maria Luisa Voyance S\u00e0rl\u2028Forme juridique : Soci\u00e9t\u00e9 \u00e0 responsabilit\u00e9 limit\u00e9e (S\u00e0rl)\u2028Si\u00e8ge social : Chemin de l\u2019Industrie 29B\u20281926 Fully\u2028SuisseRegistre du commerce : Canton du Valais\u2028Num\u00e9ro IDE \/ TVA : CHE-163.569.743 Responsable de la publication : \u2028Madame Maria Luisa, G\u00e9rante H\u00e9bergement du site\u2028Le [&hellip;]\" \/>\n<meta property=\"og:url\" content=\"https:\/\/maria-luisa.ch\/pt\/mentions-legales\/\" \/>\n<meta property=\"og:site_name\" content=\"Maria Luisa\" \/>\n<meta property=\"article:modified_time\" content=\"2026-01-27T08:29:15+00:00\" \/>\n<meta name=\"twitter:card\" content=\"summary_large_image\" \/>\n<meta name=\"twitter:label1\" content=\"Tempo estimado de leitura\" \/>\n\t<meta name=\"twitter:data1\" content=\"1 minuto\" \/>\n<script type=\"application\/ld+json\" class=\"yoast-schema-graph\">{\"@context\":\"https:\/\/schema.org\",\"@graph\":[{\"@type\":\"WebPage\",\"@id\":\"https:\/\/maria-luisa.ch\/mentions-legales\/\",\"url\":\"https:\/\/maria-luisa.ch\/mentions-legales\/\",\"name\":\"Mentions l\u00e9gales - Maria Luisa\",\"isPartOf\":{\"@id\":\"https:\/\/maria-luisa.ch\/#website\"},\"datePublished\":\"2026-01-27T08:24:15+00:00\",\"dateModified\":\"2026-01-27T08:29:15+00:00\",\"breadcrumb\":{\"@id\":\"https:\/\/maria-luisa.ch\/mentions-legales\/#breadcrumb\"},\"inLanguage\":\"pt-PT\",\"potentialAction\":[{\"@type\":\"ReadAction\",\"target\":[\"https:\/\/maria-luisa.ch\/mentions-legales\/\"]}]},{\"@type\":\"BreadcrumbList\",\"@id\":\"https:\/\/maria-luisa.ch\/mentions-legales\/#breadcrumb\",\"itemListElement\":[{\"@type\":\"ListItem\",\"position\":1,\"name\":\"Accueil\",\"item\":\"https:\/\/maria-luisa.ch\/\"},{\"@type\":\"ListItem\",\"position\":2,\"name\":\"Mentions l\u00e9gales\"}]},{\"@type\":\"WebSite\",\"@id\":\"https:\/\/maria-luisa.ch\/#website\",\"url\":\"https:\/\/maria-luisa.ch\/\",\"name\":\"Maria Luisa\",\"description\":\"\",\"publisher\":{\"@id\":\"https:\/\/maria-luisa.ch\/#organization\"},\"potentialAction\":[{\"@type\":\"SearchAction\",\"target\":{\"@type\":\"EntryPoint\",\"urlTemplate\":\"https:\/\/maria-luisa.ch\/?s={search_term_string}\"},\"query-input\":{\"@type\":\"PropertyValueSpecification\",\"valueRequired\":true,\"valueName\":\"search_term_string\"}}],\"inLanguage\":\"pt-PT\"},{\"@type\":\"Organization\",\"@id\":\"https:\/\/maria-luisa.ch\/#organization\",\"name\":\"Maria Luisa\",\"url\":\"https:\/\/maria-luisa.ch\/\",\"logo\":{\"@type\":\"ImageObject\",\"inLanguage\":\"pt-PT\",\"@id\":\"https:\/\/maria-luisa.ch\/#\/schema\/logo\/image\/\",\"url\":\"https:\/\/maria-luisa.ch\/wp-content\/uploads\/2026\/01\/maria-header-mail.png\",\"contentUrl\":\"https:\/\/maria-luisa.ch\/wp-content\/uploads\/2026\/01\/maria-header-mail.png\",\"width\":128,\"height\":107,\"caption\":\"Maria Luisa\"},\"image\":{\"@id\":\"https:\/\/maria-luisa.ch\/#\/schema\/logo\/image\/\"}}]}<\/script>\n<!-- \/ Yoast SEO plugin. -->","yoast_head_json":{"title":"Mentions l\u00e9gales - Maria Luisa","robots":{"index":"index","follow":"follow","max-snippet":"max-snippet:-1","max-image-preview":"max-image-preview:large","max-video-preview":"max-video-preview:-1"},"canonical":"https:\/\/maria-luisa.ch\/pt\/mentions-legales\/","og_locale":"pt_PT","og_type":"article","og_title":"Mentions l\u00e9gales - Maria Luisa","og_description":"\u00c9diteur du site\u2028Le pr\u00e9sent site est \u00e9dit\u00e9 par :Maria Luisa Voyance S\u00e0rl\u2028Raison sociale : Maria Luisa Voyance S\u00e0rl\u2028Forme juridique : Soci\u00e9t\u00e9 \u00e0 responsabilit\u00e9 limit\u00e9e (S\u00e0rl)\u2028Si\u00e8ge social : Chemin de l\u2019Industrie 29B\u20281926 Fully\u2028SuisseRegistre du commerce : Canton du Valais\u2028Num\u00e9ro IDE \/ TVA : CHE-163.569.743 Responsable de la publication : \u2028Madame Maria Luisa, G\u00e9rante H\u00e9bergement du site\u2028Le [&hellip;]","og_url":"https:\/\/maria-luisa.ch\/pt\/mentions-legales\/","og_site_name":"Maria Luisa","article_modified_time":"2026-01-27T08:29:15+00:00","twitter_card":"summary_large_image","twitter_misc":{"Tempo estimado de leitura":"1 minuto"},"schema":{"@context":"https:\/\/schema.org","@graph":[{"@type":"WebPage","@id":"https:\/\/maria-luisa.ch\/mentions-legales\/","url":"https:\/\/maria-luisa.ch\/mentions-legales\/","name":"Mentions l\u00e9gales - Maria Luisa","isPartOf":{"@id":"https:\/\/maria-luisa.ch\/#website"},"datePublished":"2026-01-27T08:24:15+00:00","dateModified":"2026-01-27T08:29:15+00:00","breadcrumb":{"@id":"https:\/\/maria-luisa.ch\/mentions-legales\/#breadcrumb"},"inLanguage":"pt-PT","potentialAction":[{"@type":"ReadAction","target":["https:\/\/maria-luisa.ch\/mentions-legales\/"]}]},{"@type":"BreadcrumbList","@id":"https:\/\/maria-luisa.ch\/mentions-legales\/#breadcrumb","itemListElement":[{"@type":"ListItem","position":1,"name":"Accueil","item":"https:\/\/maria-luisa.ch\/"},{"@type":"ListItem","position":2,"name":"Mentions l\u00e9gales"}]},{"@type":"WebSite","@id":"https:\/\/maria-luisa.ch\/#website","url":"https:\/\/maria-luisa.ch\/","name":"Maria Lu\u00edsa","description":"","publisher":{"@id":"https:\/\/maria-luisa.ch\/#organization"},"potentialAction":[{"@type":"SearchAction","target":{"@type":"EntryPoint","urlTemplate":"https:\/\/maria-luisa.ch\/?s={search_term_string}"},"query-input":{"@type":"PropertyValueSpecification","valueRequired":true,"valueName":"search_term_string"}}],"inLanguage":"pt-PT"},{"@type":"Organization","@id":"https:\/\/maria-luisa.ch\/#organization","name":"Maria Lu\u00edsa","url":"https:\/\/maria-luisa.ch\/","logo":{"@type":"ImageObject","inLanguage":"pt-PT","@id":"https:\/\/maria-luisa.ch\/#\/schema\/logo\/image\/","url":"https:\/\/maria-luisa.ch\/wp-content\/uploads\/2026\/01\/maria-header-mail.png","contentUrl":"https:\/\/maria-luisa.ch\/wp-content\/uploads\/2026\/01\/maria-header-mail.png","width":128,"height":107,"caption":"Maria Luisa"},"image":{"@id":"https:\/\/maria-luisa.ch\/#\/schema\/logo\/image\/"}}]}},"_links":{"self":[{"href":"https:\/\/maria-luisa.ch\/pt\/wp-json\/wp\/v2\/pages\/319","targetHints":{"allow":["GET"]}}],"collection":[{"href":"https:\/\/maria-luisa.ch\/pt\/wp-json\/wp\/v2\/pages"}],"about":[{"href":"https:\/\/maria-luisa.ch\/pt\/wp-json\/wp\/v2\/types\/page"}],"author":[{"embeddable":true,"href":"https:\/\/maria-luisa.ch\/pt\/wp-json\/wp\/v2\/users\/2"}],"replies":[{"embeddable":true,"href":"https:\/\/maria-luisa.ch\/pt\/wp-json\/wp\/v2\/comments?post=319"}],"version-history":[{"count":5,"href":"https:\/\/maria-luisa.ch\/pt\/wp-json\/wp\/v2\/pages\/319\/revisions"}],"predecessor-version":[{"id":325,"href":"https:\/\/maria-luisa.ch\/pt\/wp-json\/wp\/v2\/pages\/319\/revisions\/325"}],"wp:attachment":[{"href":"https:\/\/maria-luisa.ch\/pt\/wp-json\/wp\/v2\/media?parent=319"}],"curies":[{"name":"wp","href":"https:\/\/api.w.org\/{rel}","templated":true}]}}