{"id":161,"date":"2026-01-27T09:44:26","date_gmt":"2026-01-27T08:44:26","guid":{"rendered":"https:\/\/maria-luisa.ch\/?page_id=161"},"modified":"2026-01-27T09:47:24","modified_gmt":"2026-01-27T08:47:24","slug":"cgv","status":"publish","type":"page","link":"https:\/\/maria-luisa.ch\/pt\/cgv\/","title":{"rendered":"Condi\u00e7\u00f5es gerais de venda"},"content":{"rendered":"<p>Vers\u00e3o aplic\u00e1vel a partir de: 27 de janeiro de 2026<br>Empresa: MARIA LUISA VOYANCE S\u00e0rl \u2013 Chemin de l\u2019Industrie 29B, 1926 Fully, Valais, Su\u00ed\u00e7a<br>Site internet : https:\/\/maria-luisa.ch\/<br>Registo Comercial : CHE-163.569.743<\/p>\n\n\n\n<h2 class=\"wp-block-heading\">Objeto<\/h2>\n\n\n\n<p>Os presentes Termos e Condi\u00e7\u00f5es Gerais de Venda (TCG) regem a venda de servi\u00e7os (leituras ps\u00edquicas, apoio energ\u00e9tico, etc.) e a venda de produtos atrav\u00e9s da loja online oferecida pela Maria Luisa Voyance S\u00e0rl (doravante \"a Empresa\"), a clientes individuais ou profissionais (doravante \"o Cliente\" ou \"o Cliente Final\").<\/p>\n\n\n\n<h2 class=\"wp-block-heading\">Aceita\u00e7\u00e3o das Condi\u00e7\u00f5es<\/h2>\n\n\n\n<p>Ao fazer uma encomenda no site https:\/\/maria-luisa.ch\/<br>Ao reservar um servi\u00e7o, o Cliente reconhece ter lido, compreendido e aceite os presentes Termos e Condi\u00e7\u00f5es sem reservas. Nenhuma condi\u00e7\u00e3o especial poder\u00e1 prevalecer sobre estes Termos e Condi\u00e7\u00f5es, a menos que seja formalmente aceite por escrito pela Empresa.<\/p>\n\n\n\n<h2 class=\"wp-block-heading\">Servi\u00e7os oferecidos<\/h2>\n\n\n\n<p>A empresa oferece, em particular:<\/p>\n\n\n\n<p>Consultas ps\u00edquicas: por telefone, online ou ao domic\u00edlio, de acordo com os termos e condi\u00e7\u00f5es exibidos no site;<\/p>\n\n\n\n<p>Apoio intuitivo \/ orienta\u00e7\u00e3o energ\u00e9tica;<\/p>\n\n\n\n<p>Produtos energ\u00e9ticos (objetos, ferramentas de bem-estar, acess\u00f3rios espirituais) dispon\u00edveis para venda na loja online.<\/p>\n\n\n\n<p>As descri\u00e7\u00f5es e os pre\u00e7os dos servi\u00e7os e produtos est\u00e3o dispon\u00edveis no site.<\/p>\n\n\n\n<h2 class=\"wp-block-heading\">Tarifas<\/h2>\n\n\n\n<p>Os pre\u00e7os dos servi\u00e7os e produtos s\u00e3o indicados em euros (\u20ac), com todos os impostos inclu\u00eddos (TTC), salvo indica\u00e7\u00e3o em contr\u00e1rio.<\/p>\n\n\n\n<p>A empresa reserva-se o direito de alterar os seus pre\u00e7os a qualquer momento, mas os servi\u00e7os e produtos ser\u00e3o faturados com base nas tarifas em vigor no dia da encomenda ou reserva.<\/p>\n\n\n\n<h2 class=\"wp-block-heading\">Encomendas e Reserva\u00e7\u00f5es<\/h2>\n\n\n\n<p><strong>Consultas e servi\u00e7os<br><\/strong>Os agendamentos podem ser feitos atrav\u00e9s do formul\u00e1rio online, por telefone ou por qualquer outro meio oferecido pela empresa.<\/p>\n\n\n\n<p>A reserva ser\u00e1 validada ap\u00f3s a confirma\u00e7\u00e3o da Empresa e o pagamento das taxas correspondentes, quando aplic\u00e1vel.<\/p>\n\n\n\n<p><strong>Produtos<\/strong><\/p>\n\n\n\n<p>O cliente seleciona os produtos pretendidos, adiciona-os ao carrinho e prossegue com a compra atrav\u00e9s do sistema de pagamento online do site.<\/p>\n\n\n\n<p>O pedido \u00e9 considerado aceite assim que o pagamento for validado.<\/p>\n\n\n\n<h2 class=\"wp-block-heading\">Pagamento<\/h2>\n\n\n\n<p>O pagamento dos servi\u00e7os e produtos \u00e9 feito no momento da reserva ou da encomenda.<\/p>\n\n\n\n<p>Os m\u00e9todos de pagamento aceites s\u00e3o os indicados no site (cart\u00f5es banc\u00e1rios, solu\u00e7\u00f5es de pagamento eletr\u00f3nico, etc.).<\/p>\n\n\n\n<p>Caso o pagamento seja recusado pela institui\u00e7\u00e3o financeira do Cliente, a encomenda ser\u00e1 automaticamente cancelada.<\/p>\n\n\n\n<h2 class=\"wp-block-heading\">Entrega de produtos<\/h2>\n\n\n\n<p>Os produtos adquiridos s\u00e3o enviados para a morada de entrega indicada pelo Cliente.<\/p>\n\n\n\n<p>Os prazos de entrega s\u00e3o meramente indicativos; a Empresa n\u00e3o se responsabiliza por atrasos imput\u00e1veis \u200b\u200b\u00e0 transportadora.<\/p>\n\n\n\n<p>Os riscos associados aos produtos s\u00e3o transferidos para o Cliente no momento da entrega dos produtos ao transportador.<\/p>\n\n\n\n<h2 class=\"wp-block-heading\">Anula\u00e7\u00f5es e reembolsos<\/h2>\n\n\n\n<p><strong>Servi\u00e7os prestados<br><\/strong>Consultas e marca\u00e7\u00f5es: em caso de cancelamento por parte do Cliente, poder\u00e3o ser aplicadas taxas de acordo com os termos especificados no momento da reserva.<\/p>\n\n\n\n<p>Qualquer cancelamento dever\u00e1 ser comunicado por escrito ou por e-mail.<\/p>\n\n\n\n<p><\/p>\n\n\n\n<p><strong>Produtos comprados<\/strong><br>De acordo com a legisla\u00e7\u00e3o aplic\u00e1vel (venda \u00e0 dist\u00e2ncia e servi\u00e7os), o Cliente poder\u00e1 ter direito de retrata\u00e7\u00e3o relativamente aos produtos adquiridos, conforme previsto na legisla\u00e7\u00e3o em vigor.<\/p>\n\n\n\n<p>Para ter direito a reembolso, as devolu\u00e7\u00f5es devem ser feitas dentro do prazo legal e o produto deve estar no seu estado original.<\/p>\n\n\n\n<h2 class=\"wp-block-heading\">Dados pessoais<\/h2>\n\n\n\n<p>As informa\u00e7\u00f5es recolhidas durante qualquer encomenda ou reserva s\u00e3o necess\u00e1rias para o processamento e presta\u00e7\u00e3o dos servi\u00e7os. S\u00e3o processadas de acordo com a pol\u00edtica de privacidade dispon\u00edvel no site.<\/p>\n\n\n\n<h2 class=\"wp-block-heading\">Responsabilidade<\/h2>\n\n\n\n<p>A empresa compromete-se a prestar servi\u00e7os com dilig\u00eancia e profissionalismo.<\/p>\n\n\n\n<p>Os servi\u00e7os prestados pela Empresa em mat\u00e9ria de clarivid\u00eancia, orienta\u00e7\u00e3o e assuntos espirituais n\u00e3o implicam a responsabilidade da Empresa por qualquer interpreta\u00e7\u00e3o, decis\u00e3o ou a\u00e7\u00e3o tomada pelo Cliente com base nas informa\u00e7\u00f5es fornecidas.<\/p>\n\n\n\n<p>A responsabilidade da Empresa s\u00f3 poder\u00e1 ser invocada em caso de culpa comprovada e estar\u00e1 limitada ao montante efectivamente pago pelo Cliente pelo servi\u00e7o ou produto em causa.<\/p>\n\n\n\n<h2 class=\"wp-block-heading\">Propriedade intelectual<\/h2>\n\n\n\n<p>Todos os elementos presentes neste site (textos, imagens, log\u00f3tipos, etc.) est\u00e3o protegidos pelas leis de propriedade intelectual. A sua reprodu\u00e7\u00e3o \u00e9 estritamente proibida sem autoriza\u00e7\u00e3o pr\u00e9via.<\/p>\n\n\n\n<h2 class=\"wp-block-heading\">Lei aplic\u00e1vel e jurisdi\u00e7\u00e3o<\/h2>\n\n\n\n<p>Estes Termos e Condi\u00e7\u00f5es s\u00e3o regidos pela lei su\u00ed\u00e7a. Em caso de lit\u00edgio, os tribunais do cant\u00e3o de Valais (Su\u00ed\u00e7a) ter\u00e3o jurisdi\u00e7\u00e3o exclusiva, salvo disposi\u00e7\u00e3o em contr\u00e1rio das normas imperativas.<\/p>\n\n\n\n<h2 class=\"wp-block-heading\">Altera\u00e7\u00f5es aos Termos e Condi\u00e7\u00f5es<\/h2>\n\n\n\n<p>A Empresa reserva-se o direito de modificar, no todo ou em parte, os presentes Termos e Condi\u00e7\u00f5es. As novas condi\u00e7\u00f5es entrar\u00e3o em vigor assim que forem publicadas online.<\/p>\n\n\n\n<p><\/p>","protected":false},"excerpt":{"rendered":"<p>Version applicable au : 27 janvier 2026Soci\u00e9t\u00e9 : MARIA LUISA VOYANCE S\u00e0rl \u2013 Chemin de l\u2019Industrie 29B, 1926 Fully, Valais, SuisseSite internet : https:\/\/maria-luisa.ch\/Registre du commerce : CHE-163.569.743 Objet Les pr\u00e9sentes Conditions G\u00e9n\u00e9rales de Vente (CGV) r\u00e9gissent les ventes de prestations de services (consultations de voyance, accompagnement \u00e9nerg\u00e9tique, etc.) et ventes de produits via la [&hellip;]<\/p>","protected":false},"author":2,"featured_media":0,"parent":0,"menu_order":0,"comment_status":"closed","ping_status":"closed","template":"","meta":{"_acf_changed":false,"footnotes":""},"class_list":["post-161","page","type-page","status-publish","hentry"],"acf":[],"yoast_head":"<!-- This site is optimized with the Yoast SEO plugin v26.8 - https:\/\/yoast.com\/product\/yoast-seo-wordpress\/ -->\n<title>Conditions g\u00e9n\u00e9rales de vente - Maria Luisa<\/title>\n<meta name=\"robots\" content=\"index, follow, max-snippet:-1, max-image-preview:large, max-video-preview:-1\" \/>\n<link rel=\"canonical\" href=\"https:\/\/maria-luisa.ch\/pt\/cgv\/\" \/>\n<meta property=\"og:locale\" content=\"pt_PT\" \/>\n<meta property=\"og:type\" content=\"article\" \/>\n<meta property=\"og:title\" content=\"Conditions g\u00e9n\u00e9rales de vente - Maria Luisa\" \/>\n<meta property=\"og:description\" content=\"Version applicable au : 27 janvier 2026Soci\u00e9t\u00e9 : MARIA LUISA VOYANCE S\u00e0rl \u2013 Chemin de l\u2019Industrie 29B, 1926 Fully, Valais, SuisseSite internet : https:\/\/maria-luisa.ch\/Registre du commerce : CHE-163.569.743 Objet Les pr\u00e9sentes Conditions G\u00e9n\u00e9rales de Vente (CGV) r\u00e9gissent les ventes de prestations de services (consultations de voyance, accompagnement \u00e9nerg\u00e9tique, etc.) et ventes de produits via la [&hellip;]\" \/>\n<meta property=\"og:url\" content=\"https:\/\/maria-luisa.ch\/pt\/cgv\/\" \/>\n<meta property=\"og:site_name\" content=\"Maria Luisa\" \/>\n<meta property=\"article:modified_time\" content=\"2026-01-27T08:47:24+00:00\" \/>\n<meta name=\"twitter:card\" content=\"summary_large_image\" \/>\n<meta name=\"twitter:label1\" content=\"Tempo estimado de leitura\" \/>\n\t<meta name=\"twitter:data1\" content=\"4 minutos\" \/>\n<script type=\"application\/ld+json\" class=\"yoast-schema-graph\">{\"@context\":\"https:\/\/schema.org\",\"@graph\":[{\"@type\":\"WebPage\",\"@id\":\"https:\/\/maria-luisa.ch\/cgv\/\",\"url\":\"https:\/\/maria-luisa.ch\/cgv\/\",\"name\":\"Conditions g\u00e9n\u00e9rales de vente - Maria Luisa\",\"isPartOf\":{\"@id\":\"https:\/\/maria-luisa.ch\/#website\"},\"datePublished\":\"2026-01-27T08:44:26+00:00\",\"dateModified\":\"2026-01-27T08:47:24+00:00\",\"breadcrumb\":{\"@id\":\"https:\/\/maria-luisa.ch\/cgv\/#breadcrumb\"},\"inLanguage\":\"pt-PT\",\"potentialAction\":[{\"@type\":\"ReadAction\",\"target\":[\"https:\/\/maria-luisa.ch\/cgv\/\"]}]},{\"@type\":\"BreadcrumbList\",\"@id\":\"https:\/\/maria-luisa.ch\/cgv\/#breadcrumb\",\"itemListElement\":[{\"@type\":\"ListItem\",\"position\":1,\"name\":\"Accueil\",\"item\":\"https:\/\/maria-luisa.ch\/\"},{\"@type\":\"ListItem\",\"position\":2,\"name\":\"Conditions g\u00e9n\u00e9rales de vente\"}]},{\"@type\":\"WebSite\",\"@id\":\"https:\/\/maria-luisa.ch\/#website\",\"url\":\"https:\/\/maria-luisa.ch\/\",\"name\":\"Maria Luisa\",\"description\":\"\",\"publisher\":{\"@id\":\"https:\/\/maria-luisa.ch\/#organization\"},\"potentialAction\":[{\"@type\":\"SearchAction\",\"target\":{\"@type\":\"EntryPoint\",\"urlTemplate\":\"https:\/\/maria-luisa.ch\/?s={search_term_string}\"},\"query-input\":{\"@type\":\"PropertyValueSpecification\",\"valueRequired\":true,\"valueName\":\"search_term_string\"}}],\"inLanguage\":\"pt-PT\"},{\"@type\":\"Organization\",\"@id\":\"https:\/\/maria-luisa.ch\/#organization\",\"name\":\"Maria Luisa\",\"url\":\"https:\/\/maria-luisa.ch\/\",\"logo\":{\"@type\":\"ImageObject\",\"inLanguage\":\"pt-PT\",\"@id\":\"https:\/\/maria-luisa.ch\/#\/schema\/logo\/image\/\",\"url\":\"https:\/\/maria-luisa.ch\/wp-content\/uploads\/2026\/01\/maria-header-mail.png\",\"contentUrl\":\"https:\/\/maria-luisa.ch\/wp-content\/uploads\/2026\/01\/maria-header-mail.png\",\"width\":128,\"height\":107,\"caption\":\"Maria Luisa\"},\"image\":{\"@id\":\"https:\/\/maria-luisa.ch\/#\/schema\/logo\/image\/\"}}]}<\/script>\n<!-- \/ Yoast SEO plugin. -->","yoast_head_json":{"title":"Conditions g\u00e9n\u00e9rales de vente - Maria Luisa","robots":{"index":"index","follow":"follow","max-snippet":"max-snippet:-1","max-image-preview":"max-image-preview:large","max-video-preview":"max-video-preview:-1"},"canonical":"https:\/\/maria-luisa.ch\/pt\/cgv\/","og_locale":"pt_PT","og_type":"article","og_title":"Conditions g\u00e9n\u00e9rales de vente - Maria Luisa","og_description":"Version applicable au : 27 janvier 2026Soci\u00e9t\u00e9 : MARIA LUISA VOYANCE S\u00e0rl \u2013 Chemin de l\u2019Industrie 29B, 1926 Fully, Valais, SuisseSite internet : https:\/\/maria-luisa.ch\/Registre du commerce : CHE-163.569.743 Objet Les pr\u00e9sentes Conditions G\u00e9n\u00e9rales de Vente (CGV) r\u00e9gissent les ventes de prestations de services (consultations de voyance, accompagnement \u00e9nerg\u00e9tique, etc.) et ventes de produits via la [&hellip;]","og_url":"https:\/\/maria-luisa.ch\/pt\/cgv\/","og_site_name":"Maria Luisa","article_modified_time":"2026-01-27T08:47:24+00:00","twitter_card":"summary_large_image","twitter_misc":{"Tempo estimado de leitura":"4 minutos"},"schema":{"@context":"https:\/\/schema.org","@graph":[{"@type":"WebPage","@id":"https:\/\/maria-luisa.ch\/cgv\/","url":"https:\/\/maria-luisa.ch\/cgv\/","name":"Conditions g\u00e9n\u00e9rales de vente - Maria Luisa","isPartOf":{"@id":"https:\/\/maria-luisa.ch\/#website"},"datePublished":"2026-01-27T08:44:26+00:00","dateModified":"2026-01-27T08:47:24+00:00","breadcrumb":{"@id":"https:\/\/maria-luisa.ch\/cgv\/#breadcrumb"},"inLanguage":"pt-PT","potentialAction":[{"@type":"ReadAction","target":["https:\/\/maria-luisa.ch\/cgv\/"]}]},{"@type":"BreadcrumbList","@id":"https:\/\/maria-luisa.ch\/cgv\/#breadcrumb","itemListElement":[{"@type":"ListItem","position":1,"name":"Accueil","item":"https:\/\/maria-luisa.ch\/"},{"@type":"ListItem","position":2,"name":"Conditions g\u00e9n\u00e9rales de vente"}]},{"@type":"WebSite","@id":"https:\/\/maria-luisa.ch\/#website","url":"https:\/\/maria-luisa.ch\/","name":"Maria Lu\u00edsa","description":"","publisher":{"@id":"https:\/\/maria-luisa.ch\/#organization"},"potentialAction":[{"@type":"SearchAction","target":{"@type":"EntryPoint","urlTemplate":"https:\/\/maria-luisa.ch\/?s={search_term_string}"},"query-input":{"@type":"PropertyValueSpecification","valueRequired":true,"valueName":"search_term_string"}}],"inLanguage":"pt-PT"},{"@type":"Organization","@id":"https:\/\/maria-luisa.ch\/#organization","name":"Maria Lu\u00edsa","url":"https:\/\/maria-luisa.ch\/","logo":{"@type":"ImageObject","inLanguage":"pt-PT","@id":"https:\/\/maria-luisa.ch\/#\/schema\/logo\/image\/","url":"https:\/\/maria-luisa.ch\/wp-content\/uploads\/2026\/01\/maria-header-mail.png","contentUrl":"https:\/\/maria-luisa.ch\/wp-content\/uploads\/2026\/01\/maria-header-mail.png","width":128,"height":107,"caption":"Maria Luisa"},"image":{"@id":"https:\/\/maria-luisa.ch\/#\/schema\/logo\/image\/"}}]}},"_links":{"self":[{"href":"https:\/\/maria-luisa.ch\/pt\/wp-json\/wp\/v2\/pages\/161","targetHints":{"allow":["GET"]}}],"collection":[{"href":"https:\/\/maria-luisa.ch\/pt\/wp-json\/wp\/v2\/pages"}],"about":[{"href":"https:\/\/maria-luisa.ch\/pt\/wp-json\/wp\/v2\/types\/page"}],"author":[{"embeddable":true,"href":"https:\/\/maria-luisa.ch\/pt\/wp-json\/wp\/v2\/users\/2"}],"replies":[{"embeddable":true,"href":"https:\/\/maria-luisa.ch\/pt\/wp-json\/wp\/v2\/comments?post=161"}],"version-history":[{"count":1,"href":"https:\/\/maria-luisa.ch\/pt\/wp-json\/wp\/v2\/pages\/161\/revisions"}],"predecessor-version":[{"id":330,"href":"https:\/\/maria-luisa.ch\/pt\/wp-json\/wp\/v2\/pages\/161\/revisions\/330"}],"wp:attachment":[{"href":"https:\/\/maria-luisa.ch\/pt\/wp-json\/wp\/v2\/media?parent=161"}],"curies":[{"name":"wp","href":"https:\/\/api.w.org\/{rel}","templated":true}]}}